{"id":29303,"date":"2017-05-22T09:57:17","date_gmt":"2017-05-22T09:57:17","guid":{"rendered":"http:\/\/boulevartdonostia.com\/?page_id=29303"},"modified":"2017-08-07T22:34:38","modified_gmt":"2017-08-07T22:34:38","slug":"aviso-legal","status":"publish","type":"page","link":"https:\/\/boulevartdonostia.com\/inicio\/aviso-legal\/","title":{"rendered":"Aviso legal"},"content":{"rendered":"<p>[et_pb_section fb_built=\u00bb1&#8243; transparent_background=\u00bbon\u00bb admin_label=\u00bbsection\u00bb _builder_version=\u00bb3.0.65&#8243; parallax=\u00bbon\u00bb][et_pb_row background_position_1=\u00bbtop_left\u00bb background_repeat_1=\u00bbno-repeat\u00bb disabled_on=\u00bbon|on|\u00bb admin_label=\u00bbrow\u00bb _builder_version=\u00bb3.0.65&#8243; background_size=\u00bbinitial\u00bb background_position=\u00bbtop_left\u00bb background_repeat=\u00bbrepeat\u00bb][et_pb_column type=\u00bb4_4&#8243; _builder_version=\u00bb3.0.47&#8243; parallax=\u00bboff\u00bb parallax_method=\u00bbon\u00bb background_position=\u00bbtop_left\u00bb background_repeat=\u00bbno-repeat\u00bb][et_pb_blurb title=\u00bbAviso legal.\u00bb text_orientation=\u00bbcenter\u00bb disabled_on=\u00bbon|on|\u00bb admin_label=\u00bbAviso legal ORDENADOR.\u00bb _builder_version=\u00bb3.0.65&#8243; header_font=\u00bb|on||on|\u00bb header_font_size=\u00bb22px\u00bb header_text_color=\u00bb#000000&#8243; body_font=\u00bb|on|||\u00bb body_font_size=\u00bb22px\u00bb body_text_color=\u00bb#000000&#8243; background_color=\u00bbrgba(90,90,90,0.13)\u00bb background_size=\u00bbinitial\u00bb background_position=\u00bbtop_left\u00bb background_repeat=\u00bbrepeat\u00bb use_border_color=\u00bbon\u00bb border_color=\u00bb#85aac1&#8243; border_width=\u00bb2px\u00bb custom_margin=\u00bb|150px||150px\u00bb custom_padding=\u00bb20px||20px|\u00bb custom_css_main_element=\u00bbborder-radius: 10px; ||-moz-border-radius: 10px; ||-webkit-border-radius: 10px; ||\u00bb]<\/p>\n<p style=\"text-align: justify;\">\n<p style=\"text-align: justify;\"><span style=\"font-size: 22px;\"><strong>Denominaci&oacute;n Social: Land Gesti&oacute;n y Marketing Tur&iacute;stico SL.<\/strong><\/span><\/p>\n<p style=\"text-align: justify;\"><strong>Nombre Comercial:&nbsp;Boulevart Donostia<\/strong><\/p>\n<p style=\"text-align: justify;\"><strong>Domicilio Social: Calle Okendo, 2. San Sebastian&nbsp;20004<\/strong><\/p>\n<p style=\"text-align: justify;\"><strong>CIF\/NIF: B75162222<\/strong><\/p>\n<p style=\"text-align: justify;\"><strong>Tel&eacute;fono:&nbsp;943142274<\/strong><\/p>\n<p style=\"text-align: justify;\"><strong>E-mail: info@boulevartdonostia.com<\/strong><\/p>\n<p style=\"text-align: justify;\"><strong>Inscrita en el Registro de Guipuzcoa, tomo 2762, libro 10 folio 139, hoja SS-38819<\/strong><\/p>\n<p style=\"text-align: justify;\"><strong>Nombre de dominio:&nbsp;<a href=\"http:\/\/www.boulevartdonostia.com\/\" target=\"_blank\" rel=\"noopener noreferrer\">www.boulevartdonostia.com<\/a><\/strong><\/p>\n<p style=\"text-align: justify;\"><strong>El prestador, responsable del sitio web, pone a disposici&oacute;n de los usuarios el presente documento con el que pretende dar cumplimiento a las obligaciones dispuestas en la Ley 34\/2002, de Servicios de la Sociedad de la Informaci&oacute;n y del Comercio Electr&oacute;nico (LSSI-CE), as&iacute; como informar a todos los usuarios del sitio web respecto a cu&aacute;les son las condiciones de uso.<\/strong><\/p>\n<p style=\"text-align: justify;\"><strong>Toda persona que acceda a este sitio web asume el papel de usuario, comprometi&eacute;ndose a la observancia y cumplimiento riguroso de las disposiciones aqu&iacute; dispuestas, as&iacute; como a cualesquiera otra disposici&oacute;n legal que fuera de aplicaci&oacute;n.<\/strong><\/p>\n<p style=\"text-align: justify;\"><strong>El prestador se reserva el derecho a modificar cualquier tipo de informaci&oacute;n que pudiera aparecer en el sitio web, sin que exista obligaci&oacute;n de preavisar o poner en conocimiento de los usuarios dichas obligaciones, entendi&eacute;ndose como suficiente con la publicaci&oacute;n en el sitio web del prestador.<\/strong><\/p>\n<p>[\/et_pb_blurb][\/et_pb_column][\/et_pb_row][et_pb_row custom_padding=\u00bb30px|0px|30px|0px\u00bb disabled_on=\u00bbon||on\u00bb admin_label=\u00bbrow\u00bb _builder_version=\u00bb3.0.47&#8243; background_size=\u00bbinitial\u00bb background_position=\u00bbtop_left\u00bb background_repeat=\u00bbrepeat\u00bb][et_pb_column type=\u00bb4_4&#8243; _builder_version=\u00bb3.0.47&#8243; parallax=\u00bboff\u00bb parallax_method=\u00bbon\u00bb][et_pb_blurb title=\u00bbAviso legal.\u00bb text_orientation=\u00bbcenter\u00bb disabled_on=\u00bbon||on\u00bb admin_label=\u00bbAviso legal TABLET.\u00bb _builder_version=\u00bb3.0.65&#8243; header_font=\u00bb|||on|\u00bb header_text_color=\u00bb#000000&#8243; body_text_color=\u00bb#000000&#8243; background_color=\u00bbrgba(90,90,90,0.13)\u00bb background_size=\u00bbinitial\u00bb background_position=\u00bbtop_left\u00bb background_repeat=\u00bbrepeat\u00bb use_border_color=\u00bbon\u00bb border_color=\u00bb#000000&#8243; border_width=\u00bb2px\u00bb custom_margin=\u00bb|||\u00bb custom_padding=\u00bb20px||20px|\u00bb custom_css_main_element=\u00bbborder-radius: 10px; ||-moz-border-radius: 10px; ||-webkit-border-radius: 10px; ||\u00bb]<\/p>\n<p>Denominaci\u00f3n Social: Land Gesti\u00f3n y Marketing Tur\u00edstico SL.<\/p>\n<p>Nombre Comercial:\u00a0Boulevart Donostia<\/p>\n<p>Domicilio Social: Calle Okendo, 2. San Sebastian\u00a020004<\/p>\n<p>CIF\/NIF: B75162222<\/p>\n<p>Tel\u00e9fono:\u00a0943142274<\/p>\n<p>E-mail: info@boulevartdonostia.com<\/p>\n<p>Inscrita en el Registro de Guipuzcoa, tomo 2762, libro 10 folio 139, hoja SS-38819<\/p>\n<p>Nombre de dominio:\u00a0<strong><a href=\"http:\/\/www.boulevartdonostia.com\/\" target=\"_blank\" rel=\"noopener noreferrer\">www.boulevartdonostia.com<\/a><\/strong><\/p>\n<p>El prestador, responsable del sitio web, pone a disposici\u00f3n de los usuarios el presente documento con el que pretende dar cumplimiento a las obligaciones dispuestas en la Ley 34\/2002, de Servicios de la Sociedad de la Informaci\u00f3n y del Comercio Electr\u00f3nico (LSSI-CE), as\u00ed como informar a todos los usuarios del sitio web respecto a cu\u00e1les son las condiciones de uso.<\/p>\n<p>Toda persona que acceda a este sitio web asume el papel de usuario, comprometi\u00e9ndose a la observancia y cumplimiento riguroso de las disposiciones aqu\u00ed dispuestas, as\u00ed como a cualesquiera otra disposici\u00f3n legal que fuera de aplicaci\u00f3n.<\/p>\n<p>El prestador se reserva el derecho a modificar cualquier tipo de informaci\u00f3n que pudiera aparecer en el sitio web, sin que exista obligaci\u00f3n de preavisar o poner en conocimiento de los usuarios dichas obligaciones, entendi\u00e9ndose como suficiente con la publicaci\u00f3n en el sitio web del prestador.<\/p>\n<p>[\/et_pb_blurb][\/et_pb_column][\/et_pb_row][et_pb_row disabled_on=\u00bb|on|on\u00bb admin_label=\u00bbrow\u00bb _builder_version=\u00bb3.0.47&#8243; background_size=\u00bbinitial\u00bb background_position=\u00bbtop_left\u00bb background_repeat=\u00bbrepeat\u00bb collapsed=\u00bboff\u00bb][et_pb_column type=\u00bb4_4&#8243; _builder_version=\u00bb3.0.47&#8243; parallax=\u00bboff\u00bb parallax_method=\u00bbon\u00bb][et_pb_blurb title=\u00bbAviso legal.\u00bb text_orientation=\u00bbcenter\u00bb disabled_on=\u00bb|on|on\u00bb admin_label=\u00bbAviso legal TELEFONO.\u00bb _builder_version=\u00bb3.0.65&#8243; header_font=\u00bb|||on|\u00bb header_text_color=\u00bb#000000&#8243; body_text_color=\u00bb#000000&#8243; background_color=\u00bbrgba(90,90,90,0.13)\u00bb background_size=\u00bbinitial\u00bb background_position=\u00bbtop_left\u00bb background_repeat=\u00bbrepeat\u00bb use_border_color=\u00bbon\u00bb border_color=\u00bb#000000&#8243; custom_margin=\u00bb|||\u00bb custom_padding=\u00bb20px||20px|\u00bb custom_css_main_element=\u00bbborder-radius: 10px; ||-moz-border-radius: 10px; ||-webkit-border-radius: 10px; ||\u00bb]<\/p>\n<p>Denominaci\u00f3n Social: Land Gesti\u00f3n y Marketing Tur\u00edstico SL.<\/p>\n<p>Nombre Comercial:\u00a0Boulevart Donostia<\/p>\n<p>Domicilio Social: Calle Okendo, 2. San Sebastian\u00a020004<\/p>\n<p>CIF\/NIF: B75162222<\/p>\n<p>Tel\u00e9fono:\u00a0943142274<\/p>\n<p>E-mail: info@boulevartdonostia.com<\/p>\n<p>Inscrita en el Registro de Guipuzcoa, tomo 2762, libro 10 folio 139, hoja SS-38819<\/p>\n<p>Nombre de dominio:\u00a0<strong><a href=\"http:\/\/www.boulevartdonostia.com\/\" target=\"_blank\" rel=\"noopener noreferrer\">www.boulevartdonostia.com<\/a><\/strong><\/p>\n<p>El prestador, responsable del sitio web, pone a disposici\u00f3n de los usuarios el presente documento con el que pretende dar cumplimiento a las obligaciones dispuestas en la Ley 34\/2002, de Servicios de la Sociedad de la Informaci\u00f3n y del Comercio Electr\u00f3nico (LSSI-CE), as\u00ed como informar a todos los usuarios del sitio web respecto a cu\u00e1les son las condiciones de uso.<\/p>\n<p>Toda persona que acceda a este sitio web asume el papel de usuario, comprometi\u00e9ndose a la observancia y cumplimiento riguroso de las disposiciones aqu\u00ed dispuestas, as\u00ed como a cualesquiera otra disposici\u00f3n legal que fuera de aplicaci\u00f3n.<\/p>\n<p>El prestador se reserva el derecho a modificar cualquier tipo de informaci\u00f3n que pudiera aparecer en el sitio web, sin que exista obligaci\u00f3n de preavisar o poner en conocimiento de los usuarios dichas obligaciones, entendi\u00e9ndose como suficiente con la publicaci\u00f3n en el sitio web del prestador.<\/p>\n<p>[\/et_pb_blurb][\/et_pb_column][\/et_pb_row][\/et_pb_section]<\/p>\n","protected":false},"excerpt":{"rendered":"<p>Denominaci&oacute;n Social: Land Gesti&oacute;n y Marketing Tur&iacute;stico SL. Nombre Comercial:&nbsp;Boulevart Donostia Domicilio Social: Calle Okendo, 2. San Sebastian&nbsp;20004 CIF\/NIF: B75162222 Tel&eacute;fono:&nbsp;943142274 E-mail: info@boulevartdonostia.com Inscrita en el Registro de Guipuzcoa, tomo 2762, libro 10 folio 139, hoja SS-38819 Nombre de dominio:&nbsp;www.boulevartdonostia.com El prestador, responsable del sitio web, pone a disposici&oacute;n de los usuarios el presente documento [&hellip;]<\/p>\n","protected":false},"author":1,"featured_media":0,"parent":0,"menu_order":0,"comment_status":"closed","ping_status":"closed","template":"","meta":{"_et_pb_use_builder":"on","_et_pb_old_content":"","_et_gb_content_width":"","footnotes":""},"class_list":["post-29303","page","type-page","status-publish","hentry"],"_links":{"self":[{"href":"https:\/\/boulevartdonostia.com\/inicio\/wp-json\/wp\/v2\/pages\/29303","targetHints":{"allow":["GET"]}}],"collection":[{"href":"https:\/\/boulevartdonostia.com\/inicio\/wp-json\/wp\/v2\/pages"}],"about":[{"href":"https:\/\/boulevartdonostia.com\/inicio\/wp-json\/wp\/v2\/types\/page"}],"author":[{"embeddable":true,"href":"https:\/\/boulevartdonostia.com\/inicio\/wp-json\/wp\/v2\/users\/1"}],"replies":[{"embeddable":true,"href":"https:\/\/boulevartdonostia.com\/inicio\/wp-json\/wp\/v2\/comments?post=29303"}],"version-history":[{"count":42,"href":"https:\/\/boulevartdonostia.com\/inicio\/wp-json\/wp\/v2\/pages\/29303\/revisions"}],"predecessor-version":[{"id":31199,"href":"https:\/\/boulevartdonostia.com\/inicio\/wp-json\/wp\/v2\/pages\/29303\/revisions\/31199"}],"wp:attachment":[{"href":"https:\/\/boulevartdonostia.com\/inicio\/wp-json\/wp\/v2\/media?parent=29303"}],"curies":[{"name":"wp","href":"https:\/\/api.w.org\/{rel}","templated":true}]}}