{"id":28791,"date":"2017-03-22T08:42:10","date_gmt":"2017-03-22T08:42:10","guid":{"rendered":"http:\/\/boulevartdonostia.com\/?page_id=28791"},"modified":"2025-05-22T15:25:21","modified_gmt":"2025-05-22T15:25:21","slug":"habitacion-boulevart","status":"publish","type":"page","link":"https:\/\/boulevartdonostia.com\/inicio\/habitaciones\/habitacion-boulevart\/","title":{"rendered":"Boulevart Room"},"content":{"rendered":"<p>[et_pb_section fb_built=\u00bb1&#8243; inner_shadow=\u00bbon\u00bb admin_label=\u00bbsection\u00bb _builder_version=\u00bb4.16&#8243; background_color=\u00bbrgba(255,255,255,0)\u00bb parallax=\u00bbon\u00bb custom_padding=\u00bb0px|0px|0px|0px\u00bb transparent_background=\u00bbon\u00bb global_colors_info=\u00bb{}\u00bb][et_pb_row column_structure=\u00bb1_3,1_3,1_3&#8243; module_class=\u00bb et_pb_row_fullwidth\u00bb _builder_version=\u00bb4.16&#8243; width=\u00bb94%\u00bb width_tablet=\u00bb80%\u00bb width_phone=\u00bb80%\u00bb width_last_edited=\u00bbon|desktop\u00bb max_width=\u00bb94%\u00bb max_width_tablet=\u00bb80%\u00bb max_width_phone=\u00bb80%\u00bb max_width_last_edited=\u00bbon|desktop\u00bb make_fullwidth=\u00bbon\u00bb global_colors_info=\u00bb{}\u00bb][et_pb_column type=\u00bb1_3&#8243; _builder_version=\u00bb4.16&#8243; background_position=\u00bbtop_left\u00bb custom_padding=\u00bb|||\u00bb global_colors_info=\u00bb{}\u00bb custom_padding__hover=\u00bb|||\u00bb][et_pb_divider show_divider=\u00bboff\u00bb disabled_on=\u00bbon|on|off\u00bb _builder_version=\u00bb4.16&#8243; global_colors_info=\u00bb{}\u00bb][\/et_pb_divider][et_pb_image src=\u00bbhttp:\/\/boulevartdonostia.com\/wp-content\/uploads\/2017\/02\/web-horizontal-e1501690785538.png\u00bb align_tablet=\u00bbcenter\u00bb align_phone=\u00bbcenter\u00bb align_last_edited=\u00bbon|desktop\u00bb _builder_version=\u00bb4.25.0&#8243; animation_style=\u00bbslide\u00bb animation_direction=\u00bbleft\u00bb animation_duration=\u00bb500ms\u00bb animation_intensity_slide=\u00bb10%\u00bb hover_enabled=\u00bb0&#8243; global_colors_info=\u00bb{}\u00bb width=\u00bb49%\u00bb sticky_enabled=\u00bb0&#8243;][\/et_pb_image][et_pb_divider show_divider=\u00bboff\u00bb disabled_on=\u00bbon|on|off\u00bb _builder_version=\u00bb4.16&#8243; global_colors_info=\u00bb{}\u00bb][\/et_pb_divider][\/et_pb_column][et_pb_column type=\u00bb1_3&#8243; _builder_version=\u00bb4.16&#8243; background_position=\u00bbtop_left\u00bb custom_padding=\u00bb|||\u00bb global_colors_info=\u00bb{}\u00bb custom_padding__hover=\u00bb|||\u00bb][et_pb_divider show_divider=\u00bboff\u00bb disabled_on=\u00bbon|on|off\u00bb _builder_version=\u00bb4.16&#8243; global_colors_info=\u00bb{}\u00bb][\/et_pb_divider][\/et_pb_column][et_pb_column type=\u00bb1_3&#8243; _builder_version=\u00bb4.16&#8243; background_position=\u00bbtop_left\u00bb custom_padding=\u00bb|||\u00bb global_colors_info=\u00bb{}\u00bb custom_padding__hover=\u00bb|||\u00bb][et_pb_button button_url=\u00bbhttps:\/\/direct-book.com\/properties\/boulevartdonostiadirect\u00bb url_new_window=\u00bbon\u00bb button_text=\u00bbReservar\u00bb button_alignment=\u00bbright\u00bb admin_label=\u00bbReservar\u00bb _builder_version=\u00bb4.25.0&#8243; custom_button=\u00bbon\u00bb button_text_color=\u00bb#ffffff\u00bb button_bg_color=\u00bb#000000&#8243; button_border_radius=\u00bb8&#8243; button_icon=\u00bb&#xe046;||divi||400&#8243; button_icon_color=\u00bb#ffffff\u00bb background_layout=\u00bbdark\u00bb button_text_color_hover=\u00bb#ffffff\u00bb button_border_color_hover=\u00bb#ffffff\u00bb button_border_radius_hover=\u00bb5&#8243; button_letter_spacing_hover=\u00bb0&#8243; button_bg_color_hover=\u00bb#000000&#8243; global_colors_info=\u00bb{}\u00bb button_text_size__hover_enabled=\u00bboff\u00bb button_one_text_size__hover_enabled=\u00bboff\u00bb button_two_text_size__hover_enabled=\u00bboff\u00bb button_text_color__hover_enabled=\u00bbon\u00bb button_text_color__hover=\u00bb#ffffff\u00bb button_one_text_color__hover_enabled=\u00bboff\u00bb button_two_text_color__hover_enabled=\u00bboff\u00bb button_border_width__hover_enabled=\u00bboff\u00bb button_one_border_width__hover_enabled=\u00bboff\u00bb button_two_border_width__hover_enabled=\u00bboff\u00bb button_border_color__hover_enabled=\u00bbon\u00bb button_border_color__hover=\u00bb#ffffff\u00bb button_one_border_color__hover_enabled=\u00bboff\u00bb button_two_border_color__hover_enabled=\u00bboff\u00bb button_border_radius__hover_enabled=\u00bbon\u00bb button_border_radius__hover=\u00bb5&#8243; button_one_border_radius__hover_enabled=\u00bboff\u00bb button_two_border_radius__hover_enabled=\u00bboff\u00bb button_letter_spacing__hover_enabled=\u00bbon\u00bb button_letter_spacing__hover=\u00bb0&#8243; button_one_letter_spacing__hover_enabled=\u00bboff\u00bb button_two_letter_spacing__hover_enabled=\u00bboff\u00bb button_bg_color__hover_enabled=\u00bbon\u00bb button_bg_color__hover=\u00bb#000000&#8243; button_one_bg_color__hover_enabled=\u00bboff\u00bb button_two_bg_color__hover_enabled=\u00bboff\u00bb][\/et_pb_button][et_pb_divider show_divider=\u00bboff\u00bb disabled_on=\u00bbon|on|off\u00bb _builder_version=\u00bb4.16&#8243; global_colors_info=\u00bb{}\u00bb][\/et_pb_divider][\/et_pb_column][\/et_pb_row][et_pb_row use_custom_gutter=\u00bbon\u00bb gutter_width=\u00bb1&#8243; module_class=\u00bb et_pb_row_fullwidth\u00bb _builder_version=\u00bb4.16&#8243; width=\u00bb100%\u00bb width_tablet=\u00bb100%\u00bb width_phone=\u00bb100%\u00bb width_last_edited=\u00bbon|desktop\u00bb max_width=\u00bb100%\u00bb max_width_tablet=\u00bb100%\u00bb max_width_phone=\u00bb100%\u00bb max_width_last_edited=\u00bbon|desktop\u00bb make_fullwidth=\u00bbon\u00bb global_colors_info=\u00bb{}\u00bb][et_pb_column type=\u00bb4_4&#8243; _builder_version=\u00bb4.16&#8243; background_position=\u00bbtop_left\u00bb custom_padding=\u00bb|||\u00bb global_colors_info=\u00bb{}\u00bb custom_padding__hover=\u00bb|||\u00bb][et_pb_blurb image_icon_width=\u00bbnone\u00bb admin_label=\u00bbBoulevArt Room\u00bb _builder_version=\u00bb4.16&#8243; image_max_width=\u00bbnone\u00bb global_colors_info=\u00bb{}\u00bb custom_margin=\u00bb-52px|||||\u00bb custom_padding=\u00bb||38px|||\u00bb]<\/p>\n<p style=\"text-align: center;\"><span style=\"color: #000000; font-size: xx-large;\"><strong>BoulevArt Room<\/strong><\/span><\/p>\n<p style=\"text-align: center;\">\n<p>[\/et_pb_blurb][et_pb_gallery gallery_ids=\u00bb30935,30930,30931,30764,30929,30914,30911,30913,30934,30906,30937,30933&#8243; db_image_max_width_tablet=\u00bb51&#8243; db_image_max_height_tablet=\u00bb501&#8243; db_image_row_spacing_tablet=\u00bb51&#8243; db_image_center_titles=\u00bbleft\u00bb dbdb_version=\u00bb4.3.5&#8243; _builder_version=\u00bb4.25.0&#8243; hover_enabled=\u00bb0&#8243; saved_tabs=\u00bball\u00bb global_colors_info=\u00bb{}\u00bb fullwidth=\u00bbon\u00bb sticky_enabled=\u00bb0&#8243;][\/et_pb_gallery][et_pb_divider show_divider=\u00bboff\u00bb disabled_on=\u00bbon|on|off\u00bb _builder_version=\u00bb4.16&#8243; global_colors_info=\u00bb{}\u00bb][\/et_pb_divider][\/et_pb_column][\/et_pb_row][et_pb_row column_structure=\u00bb1_2,1_2&#8243; make_equal=\u00bbon\u00bb disabled_on=\u00bboff|off|off\u00bb _builder_version=\u00bb4.16&#8243; background_size=\u00bbinitial\u00bb background_position=\u00bbtop_left\u00bb background_repeat=\u00bbrepeat\u00bb global_colors_info=\u00bb{}\u00bb][et_pb_column type=\u00bb1_2&#8243; _builder_version=\u00bb4.16&#8243; background_position=\u00bbtop_left\u00bb custom_padding=\u00bb|||\u00bb global_colors_info=\u00bb{}\u00bb custom_padding__hover=\u00bb|||\u00bb][et_pb_blurb image_icon_width=\u00bbnone\u00bb admin_label=\u00bbDescripcion\u00bb _builder_version=\u00bb4.16&#8243; image_max_width=\u00bbnone\u00bb global_colors_info=\u00bb{}\u00bb]<\/p>\n<p style=\"text-align: justify;\"><strong style=\"color: #000000; font-size: 20px;\">Una habitaci\u00f3n amplia y completamente equipada desde la que lanzarse a descubrir\u00a0 Donostia. Despierta contemplando el Kursaal, el teatro Victoria Eugenia y sus jardines o el Sagrado coraz\u00f3n de Urgull\u2026 cualquiera de estas habitaciones\u00a0 te regalar\u00e1 una postal inolvidable cada ma\u00f1ana.<\/strong><\/p>\n<p>[\/et_pb_blurb][\/et_pb_column][et_pb_column type=\u00bb1_2&#8243; _builder_version=\u00bb4.16&#8243; background_position=\u00bbtop_left\u00bb custom_padding=\u00bb|||\u00bb global_colors_info=\u00bb{}\u00bb custom_padding__hover=\u00bb|||\u00bb][et_pb_blurb image_icon_width=\u00bbnone\u00bb admin_label=\u00bbEquipamiento\u00bb _builder_version=\u00bb4.16&#8243; image_max_width=\u00bbnone\u00bb global_colors_info=\u00bb{}\u00bb]<\/p>\n<ul>\n<li><span style=\"color: #000000;\"><strong>Caja fuerte.<\/strong><\/span><\/li>\n<li><span style=\"color: #000000;\"><strong>Minibar. Agual mineral de cortes\u00eda.<\/strong><\/span><\/li>\n<li><span style=\"color: #000000;\"><strong>WIFI gratuito \u00a0100MB \u2013 Conexi\u00f3n Internet por cable.<\/strong><\/span><\/li>\n<li><span style=\"color: #000000;\"><strong>TV 43 Pulgadas.<\/strong><\/span><\/li>\n<li><span style=\"color: #000000;\"><strong>Aire acondicionado \/ Calefacci\u00f3n.<\/strong><\/span><\/li>\n<li><span style=\"color: #000000;\"><strong>Cama King Size 180cm x 200cm o 2 camas twin 90cm X 200cm.<\/strong><\/span><\/li>\n<li><span style=\"color: #000000;\"><strong>Ba\u00f1o completo con ducha efecto lluvia, amenities de ba\u00f1o y secador de pelo.<\/strong><\/span><\/li>\n<li><span style=\"color: #000000;\"><strong>Servicio gratuito de caf\u00e9 en la habitaci\u00f3n.<\/strong><\/span><\/li>\n<li><span style=\"color: #000000;\"><strong>Sistema de acceso electr\u00f3nico \u00a0sin llave.<\/strong><\/span><\/li>\n<\/ul>\n<p>[\/et_pb_blurb][\/et_pb_column][\/et_pb_row][et_pb_row _builder_version=\u00bb4.16&#8243; background_size=\u00bbinitial\u00bb background_position=\u00bbtop_left\u00bb background_repeat=\u00bbrepeat\u00bb global_colors_info=\u00bb{}\u00bb][et_pb_column type=\u00bb4_4&#8243; _builder_version=\u00bb4.16&#8243; custom_padding=\u00bb|||\u00bb global_colors_info=\u00bb{}\u00bb custom_padding__hover=\u00bb|||\u00bb][et_pb_divider show_divider=\u00bboff\u00bb disabled_on=\u00bbon|on|off\u00bb _builder_version=\u00bb4.16&#8243; global_colors_info=\u00bb{}\u00bb][\/et_pb_divider][et_pb_button button_url=\u00bbhttps:\/\/direct-book.com\/properties\/boulevartdonostiadirect\u00bb url_new_window=\u00bbon\u00bb button_text=\u00bbReservar\u00bb button_alignment=\u00bbcenter\u00bb disabled_on=\u00bb||off\u00bb admin_label=\u00bbReservar\u00bb _builder_version=\u00bb4.25.0&#8243; custom_button=\u00bbon\u00bb button_text_color=\u00bb#ffffff\u00bb button_bg_color=\u00bb#000000&#8243; button_border_radius=\u00bb8&#8243; button_icon=\u00bb&#xe046;||divi||400&#8243; button_icon_color=\u00bb#ffffff\u00bb background_layout=\u00bbdark\u00bb button_text_color_hover=\u00bb#ffffff\u00bb button_border_color_hover=\u00bb#ffffff\u00bb button_border_radius_hover=\u00bb5&#8243; button_letter_spacing_hover=\u00bb0&#8243; button_bg_color_hover=\u00bb#000000&#8243; global_colors_info=\u00bb{}\u00bb button_text_size__hover_enabled=\u00bboff\u00bb button_one_text_size__hover_enabled=\u00bboff\u00bb button_two_text_size__hover_enabled=\u00bboff\u00bb button_text_color__hover_enabled=\u00bbon\u00bb button_text_color__hover=\u00bb#ffffff\u00bb button_one_text_color__hover_enabled=\u00bboff\u00bb button_two_text_color__hover_enabled=\u00bboff\u00bb button_border_width__hover_enabled=\u00bboff\u00bb button_one_border_width__hover_enabled=\u00bboff\u00bb button_two_border_width__hover_enabled=\u00bboff\u00bb button_border_color__hover_enabled=\u00bbon\u00bb button_border_color__hover=\u00bb#ffffff\u00bb button_one_border_color__hover_enabled=\u00bboff\u00bb button_two_border_color__hover_enabled=\u00bboff\u00bb button_border_radius__hover_enabled=\u00bbon\u00bb button_border_radius__hover=\u00bb5&#8243; button_one_border_radius__hover_enabled=\u00bboff\u00bb button_two_border_radius__hover_enabled=\u00bboff\u00bb button_letter_spacing__hover_enabled=\u00bbon\u00bb button_letter_spacing__hover=\u00bb0&#8243; button_one_letter_spacing__hover_enabled=\u00bboff\u00bb button_two_letter_spacing__hover_enabled=\u00bboff\u00bb button_bg_color__hover_enabled=\u00bbon\u00bb button_bg_color__hover=\u00bb#000000&#8243; button_one_bg_color__hover_enabled=\u00bboff\u00bb button_two_bg_color__hover_enabled=\u00bboff\u00bb][\/et_pb_button][\/et_pb_column][\/et_pb_row][\/et_pb_section]<\/p>\n","protected":false},"excerpt":{"rendered":"<p>BoulevArt Room Una habitaci\u00f3n amplia y completamente equipada desde la que lanzarse a descubrir\u00a0 Donostia. Despierta contemplando el Kursaal, el teatro Victoria Eugenia y sus jardines o el Sagrado coraz\u00f3n de Urgull\u2026 cualquiera de estas habitaciones\u00a0 te regalar\u00e1 una postal inolvidable cada ma\u00f1ana. Caja fuerte. Minibar. Agual mineral de cortes\u00eda. WIFI gratuito \u00a0100MB \u2013 Conexi\u00f3n [&hellip;]<\/p>\n","protected":false},"author":1,"featured_media":0,"parent":28789,"menu_order":0,"comment_status":"closed","ping_status":"closed","template":"","meta":{"_et_pb_use_builder":"on","_et_pb_old_content":"","_et_gb_content_width":"","footnotes":""},"class_list":["post-28791","page","type-page","status-publish","hentry"],"_links":{"self":[{"href":"https:\/\/boulevartdonostia.com\/inicio\/wp-json\/wp\/v2\/pages\/28791","targetHints":{"allow":["GET"]}}],"collection":[{"href":"https:\/\/boulevartdonostia.com\/inicio\/wp-json\/wp\/v2\/pages"}],"about":[{"href":"https:\/\/boulevartdonostia.com\/inicio\/wp-json\/wp\/v2\/types\/page"}],"author":[{"embeddable":true,"href":"https:\/\/boulevartdonostia.com\/inicio\/wp-json\/wp\/v2\/users\/1"}],"replies":[{"embeddable":true,"href":"https:\/\/boulevartdonostia.com\/inicio\/wp-json\/wp\/v2\/comments?post=28791"}],"version-history":[{"count":89,"href":"https:\/\/boulevartdonostia.com\/inicio\/wp-json\/wp\/v2\/pages\/28791\/revisions"}],"predecessor-version":[{"id":32105,"href":"https:\/\/boulevartdonostia.com\/inicio\/wp-json\/wp\/v2\/pages\/28791\/revisions\/32105"}],"up":[{"embeddable":true,"href":"https:\/\/boulevartdonostia.com\/inicio\/wp-json\/wp\/v2\/pages\/28789"}],"wp:attachment":[{"href":"https:\/\/boulevartdonostia.com\/inicio\/wp-json\/wp\/v2\/media?parent=28791"}],"curies":[{"name":"wp","href":"https:\/\/api.w.org\/{rel}","templated":true}]}}